{"id":11,"date":"2023-06-07T09:17:41","date_gmt":"2023-06-07T09:17:41","guid":{"rendered":"http:\/\/193.194.89.179\/wp_lamnedp\/?page_id=11"},"modified":"2025-07-12T12:23:27","modified_gmt":"2025-07-12T11:23:27","slug":"presentation-2","status":"publish","type":"page","link":"https:\/\/lamnedp.usthb.dz\/","title":{"rendered":"Pr\u00e9sentation"},"content":{"rendered":"\n<div class=\"wp-block-group has-blush-light-purple-gradient-background has-background\"><div class=\"wp-block-group__inner-container is-layout-constrained wp-block-group-is-layout-constrained\">\n<blockquote class=\"wp-block-quote is-layout-flow wp-block-quote-is-layout-flow\">\n<p class=\"has-black-color has-white-background-color has-text-color has-background\">\u200bLAMNEDP : Laboratoire d&#8217;Analyse Math\u00e9matique et Num\u00e9rique Des \u00c9quations aux D\u00e9riv\u00e9es Partielles.<\/p>\n\n\n\n<p class=\"has-black-color has-white-background-color has-text-color has-background\"><strong>&nbsp;  Directeur du Laboratoire :<\/strong> &nbsp; ALI ZIANE Tarik,&nbsp;Professeur, USTHB,&nbsp;taliziane@gmail.com<\/p>\n<\/blockquote>\n<\/div><\/div>\n\n\n\n<p><\/p>\n\n\n\n<h2 class=\"wp-block-heading has-blush-light-purple-gradient-background has-background\"><strong>Objectifs du Laboratoire<\/strong><\/h2>\n\n\n\n<blockquote class=\"wp-block-quote has-medium-black-color has-text-color is-layout-flow wp-block-quote-is-layout-flow\">\n<p>Les objectifs de recherche scientifique du laboratoire sont la mod\u00e9lisation de probl\u00e8mes de la physique pour leur \u00e9tude math\u00e9matique. Bien que ce ne soit pas simple, le laboratoire essaiera de se pencher dans la mesure du possible, sur des probl\u00e8mes li\u00e9s au d\u00e9veloppement technologique, \u00e9conomique et social du pays. (Probl\u00e8mes des milieux poreux, probl\u00e8mes de l\u2019eau, probl\u00e8mes inverses pour la d\u00e9tection de mani\u00e8re g\u00e9n\u00e9rale, etc..).<\/p>\n\n\n\n<p>Ces probl\u00e8mes se posent souvent de mani\u00e8re non lin\u00e9aire. Il s\u2019agit donc de trouver des mod\u00e8les lin\u00e9aires qui approchent au mieux, le mod\u00e8le r\u00e9el. Il faut ensuite faire son analyse math\u00e9matique en tant que probl\u00e8me continu ( Etude des probl\u00e8mes d\u2019existence, d\u2019unicit\u00e9, de r\u00e9gularit\u00e9, de stabilit\u00e9 par rapport aux donn\u00e9es, ce dernier point \u00e9tant tr\u00e8s important, car c\u2019est de lui que d\u00e9pend les approximations num\u00e9riques que les probl\u00e8mes inverses.<br><br>Il s\u2019agit aussi, de faire l\u2019analyse num\u00e9rique de ces probl\u00e8mes (\u00e9criture de sch\u00e9mas, de programmes, \u2026) En parall\u00e8le, se fera naturellement de la formation post-gradu\u00e9e dans la cadre des activit\u00e9s normales du laboratoire<br><br><\/p>\n<\/blockquote>\n\n\n\n<h2 class=\"wp-block-heading has-blush-light-purple-gradient-background has-background\">\u200b\u200b<strong>Mots cl\u00e9s :<\/strong><\/h2>\n\n\n\n<blockquote class=\"wp-block-quote is-layout-flow wp-block-quote-is-layout-flow\">\n<p class=\"has-medium-black-color has-white-background-color has-text-color has-background\">\u00c9quations aux d\u00e9riv\u00e9es partielles, Analyse num\u00e9rique, contr\u00f4le optimal, stabilisation, in\u00e9galit\u00e9s de Carleman, m\u00e9canique des fluides, \u00e9lasticit\u00e9 probl\u00e8mes inverses, approximation asymptotique, \u00e9lectromagn\u00e9tisme, ferromagn\u00e9tisme, r\u00e9action diffusion.\u00a0<\/p>\n<\/blockquote>\n","protected":false},"excerpt":{"rendered":"<p>\u200bLAMNEDP : Laboratoire d&#8217;Analyse Math\u00e9matique et Num\u00e9rique Des \u00c9quations aux D\u00e9riv\u00e9es Partielles. &nbsp; Directeur du Laboratoire : &nbsp; ALI ZIANE Tarik,&nbsp;Professeur, USTHB,&nbsp;taliziane@gmail.com Objectifs du Laboratoire Les objectifs de recherche scientifique du laboratoire sont la mod\u00e9lisation de probl\u00e8mes de la physique <span class=\"readmore\"><a href=\"https:\/\/lamnedp.usthb.dz\/\">Continue Reading<\/a><\/span><\/p>\n","protected":false},"author":1,"featured_media":112,"parent":0,"menu_order":0,"comment_status":"closed","ping_status":"closed","template":"","meta":{"footnotes":""},"class_list":["post-11","page","type-page","status-publish","has-post-thumbnail","hentry"],"_links":{"self":[{"href":"https:\/\/lamnedp.usthb.dz\/index.php\/wp-json\/wp\/v2\/pages\/11","targetHints":{"allow":["GET"]}}],"collection":[{"href":"https:\/\/lamnedp.usthb.dz\/index.php\/wp-json\/wp\/v2\/pages"}],"about":[{"href":"https:\/\/lamnedp.usthb.dz\/index.php\/wp-json\/wp\/v2\/types\/page"}],"author":[{"embeddable":true,"href":"https:\/\/lamnedp.usthb.dz\/index.php\/wp-json\/wp\/v2\/users\/1"}],"replies":[{"embeddable":true,"href":"https:\/\/lamnedp.usthb.dz\/index.php\/wp-json\/wp\/v2\/comments?post=11"}],"version-history":[{"count":10,"href":"https:\/\/lamnedp.usthb.dz\/index.php\/wp-json\/wp\/v2\/pages\/11\/revisions"}],"predecessor-version":[{"id":252,"href":"https:\/\/lamnedp.usthb.dz\/index.php\/wp-json\/wp\/v2\/pages\/11\/revisions\/252"}],"wp:featuredmedia":[{"embeddable":true,"href":"https:\/\/lamnedp.usthb.dz\/index.php\/wp-json\/wp\/v2\/media\/112"}],"wp:attachment":[{"href":"https:\/\/lamnedp.usthb.dz\/index.php\/wp-json\/wp\/v2\/media?parent=11"}],"curies":[{"name":"wp","href":"https:\/\/api.w.org\/{rel}","templated":true}]}}