{"id":12,"date":"2023-06-07T09:17:41","date_gmt":"2023-06-07T09:17:41","guid":{"rendered":"http:\/\/193.194.89.179\/wp_lamnedp\/?page_id=12"},"modified":"2025-01-21T12:32:30","modified_gmt":"2025-01-21T12:32:30","slug":"equipes-de-recherche","status":"publish","type":"page","link":"https:\/\/lamnedp.usthb.dz\/index.php\/equipes-de-recherche\/","title":{"rendered":"Equipes de Recherche"},"content":{"rendered":"\n<blockquote class=\"wp-block-quote is-layout-flow wp-block-quote-is-layout-flow\">\n<ul class=\"has-pale-ocean-gradient-background has-background wp-block-list\">\n<li><strong><a href=\"https:\/\/lamnedp.usthb.dz\/index.php\/equipe-1-problemes-de-reaction-diffusion-et-applications\/\">Equipe 1 :&nbsp; Probl\u00e8mes de r\u00e9action diffusion et applications<\/a><\/strong><\/li>\n\n\n\n<li><strong> <a href=\"https:\/\/lamnedp.usthb.dz\/index.php\/equipe-2-techniques-de-modelisation-en-milieux-heterogenes-et-coches-minces\/\">Equipe 2 : Techniques de mod\u00e9lisation en milieux h\u00e9t\u00e9rog\u00e8nes et coches minces<\/a><\/strong><\/li>\n\n\n\n<li><strong><a href=\"https:\/\/lamnedp.usthb.dz\/index.php\/equipe-3-problemes-devolution-non-lineaires\/\">Equipe 3 : Probl\u00e8mes d&#8217;\u00e9volution non lin\u00e9aires<\/a><\/strong><\/li>\n\n\n\n<li><strong><a href=\"https:\/\/lamnedp.usthb.dz\/index.php\/equipe-4-controle-et-stabilisation-des-edp\/\">Equipe 4 : Contr\u00f4le et stabilisation des EDP<\/a><\/strong><\/li>\n\n\n\n<li><strong><a href=\"https:\/\/lamnedp.usthb.dz\/index.php\/equipe-5-modelisation-et-simulation-de-problemes-devolution\/\">Equipe 5 : Mod\u00e9lisation et simulation de probl\u00e8mes d&#8217;\u00e9volution<\/a><\/strong><\/li>\n<\/ul>\n<\/blockquote>\n\n\n\n<p><strong>&nbsp;&nbsp; &nbsp;<\/strong><\/p>\n","protected":false},"excerpt":{"rendered":"<p>&nbsp;&nbsp; &nbsp;<\/p>\n","protected":false},"author":1,"featured_media":0,"parent":0,"menu_order":0,"comment_status":"closed","ping_status":"closed","template":"","meta":{"footnotes":""},"class_list":["post-12","page","type-page","status-publish","hentry"],"_links":{"self":[{"href":"https:\/\/lamnedp.usthb.dz\/index.php\/wp-json\/wp\/v2\/pages\/12","targetHints":{"allow":["GET"]}}],"collection":[{"href":"https:\/\/lamnedp.usthb.dz\/index.php\/wp-json\/wp\/v2\/pages"}],"about":[{"href":"https:\/\/lamnedp.usthb.dz\/index.php\/wp-json\/wp\/v2\/types\/page"}],"author":[{"embeddable":true,"href":"https:\/\/lamnedp.usthb.dz\/index.php\/wp-json\/wp\/v2\/users\/1"}],"replies":[{"embeddable":true,"href":"https:\/\/lamnedp.usthb.dz\/index.php\/wp-json\/wp\/v2\/comments?post=12"}],"version-history":[{"count":10,"href":"https:\/\/lamnedp.usthb.dz\/index.php\/wp-json\/wp\/v2\/pages\/12\/revisions"}],"predecessor-version":[{"id":139,"href":"https:\/\/lamnedp.usthb.dz\/index.php\/wp-json\/wp\/v2\/pages\/12\/revisions\/139"}],"wp:attachment":[{"href":"https:\/\/lamnedp.usthb.dz\/index.php\/wp-json\/wp\/v2\/media?parent=12"}],"curies":[{"name":"wp","href":"https:\/\/api.w.org\/{rel}","templated":true}]}}