{"id":14,"date":"2023-06-07T09:17:42","date_gmt":"2023-06-07T09:17:42","guid":{"rendered":"http:\/\/193.194.89.179\/wp_lamnedp\/?page_id=14"},"modified":"2025-07-09T23:29:01","modified_gmt":"2025-07-09T22:29:01","slug":"animations-scientifiques","status":"publish","type":"page","link":"https:\/\/lamnedp.usthb.dz\/index.php\/animations-scientifiques\/","title":{"rendered":"Animations Scientifiques"},"content":{"rendered":"\n<ul style=\"background:linear-gradient(135deg,rgb(238,238,238) 31%,rgb(169,184,195) 100%)\" class=\"wp-block-list has-background\">\n<li class=\"has-blue-color has-text-color has-link-color wp-elements-000a7d6f029e470cf2266660e6bd6c3b\"><a href=\"https:\/\/lamnedp.usthb.dz\/index.php\/9th-amnedp-laboratory-workshop-dedicated-to-the-memory-of-mohanf-arezki-moussaoui\/\" data-type=\"page\" data-id=\"176\"><strong>9<sup>th<\/sup> AMNEDP laboratory Workshop<\/strong> <strong>Dedicated to the memory of<\/strong> <strong>Mohand Arezki MOUSSAOUI<\/strong><\/a><\/li>\n\n\n\n<li><a href=\"https:\/\/lamnedp.usthb.dz\/index.php\/le-sixieme-colloque-sur-les-tendances-dans-les-applications-mathematiques-en-tunisie-algerie-maroc-tamtam-xiii\/\"><strong>Le sixi\u00e8me colloque sur les Tendances dans les Applications Math\u00e9matiques en Tunisie, Alg\u00e9rie, Maroc TAMTAM XIII<\/strong><\/a><br>12 mai 2013, par webmasterdocument.location=\u2019http:\/\/www.usthb.dz\/TAMTAM_XIII\u2019<\/li>\n\n\n\n<li><a href=\"https:\/\/lamnedp.usthb.dz\/index.php\/workshop-guelma-2012-2\/\"><strong>Workshop Guelma 2012<\/strong><\/a><br>31 mai 2012, par amnedpWorkshop Guelma 2012 IMG\/file\/WorkshopGuelma.pdf<\/li>\n\n\n\n<li><a href=\"https:\/\/lamnedp.usthb.dz\/index.php\/tendances-dans-les-applications-des-mathematiques-en-tunisie-algerie-maroc-tam-tam-11\/\"><strong>Tendances dans les Applications des Math\u00e9matiques en Tunisie, Alg\u00e9rie, Maroc TAM-TAM \u201911<\/strong><\/a><br>27 novembre 2010, par amnedp&lt;&nbsp;![endif]\u2014&gt; \/* Style Definitions *\/ table.MsoNormalTable mso-style-name&nbsp;:&#8221;Tableau Normal&#8221;&nbsp;; mso-tstyle-rowband-size:0&nbsp;; mso-tstyle-colband-size:0&nbsp;; mso-style-noshow:yes&nbsp;; mso-style-priority:99&nbsp;; mso-style-qformat:yes&nbsp;; mso-style-parent&nbsp;:&#8221;&#8221;&nbsp;; mso-padding-alt:0cm 5.4pt 0cm 5.4pt&nbsp;; mso-para-margin-top:0cm&nbsp;; mso-para-margin-right:0cm&nbsp;; mso-para-margin-bottom:10.0pt&nbsp;; mso-para-margin-left:0cm&nbsp;; line-height:115%&nbsp;; mso-pagination:widow-orphan&nbsp;; font-size:11.0pt&nbsp;; font-family&nbsp;(&#8230;)<\/li>\n\n\n\n<li><a href=\"https:\/\/lamnedp.usthb.dz\/index.php\/programe-cimpa-pour-2011\/\"><strong>PROGRAME CIMPA POUR 2011<\/strong><\/a><br>6 juillet 2010, par amnedpPROGRAME CIMPA POUR 2011<br>Braids in Algebra, Geometry and Topology VIETNAM, January 17-28 Mod\u00e9lisation, syst\u00e8mes non lin\u00e9aires et applications SENEGAL, 5-15 avril Real and complex analysis with applications to other sciences CAMEROON, May 1-14 Contr\u00f4le et stabilisation des \u00e9quations aux d\u00e9riv\u00e9es partielles TUNISIE, 9-19 mai Spectral Triples and Their Applications THAILAND, May 15-28 Non commutative Algebra and Lie Theory ARGENTINA, May 16-27 Modelling and Simulation in&nbsp;(&#8230;)<\/li>\n\n\n\n<li><a href=\"https:\/\/lamnedp.usthb.dz\/index.php\/liens-utiles\/\"><strong>Liens utiles<\/strong><\/a><br>29 avril 2010&lt;&nbsp;![endif]\u2014&gt; &lt;&nbsp;![endif]\u2014&gt; \/* Style Definitions *\/ table.MsoNormalTable mso-style-name&nbsp;:&#8221;Tableau Normal&#8221;&nbsp;; mso-tstyle-rowband-size:0&nbsp;; mso-tstyle-colband-size:0&nbsp;; mso-style-noshow:yes&nbsp;; mso-style-priority:99&nbsp;; mso-style-qformat:yes&nbsp;; mso-style-parent&nbsp;:&#8221;&#8221;&nbsp;; mso-padding-alt:0cm 5.4pt 0cm 5.4pt&nbsp;; mso-para-margin-top:0cm&nbsp;; mso-para-margin-right:0cm&nbsp;;&nbsp;(&#8230;)<\/li>\n<\/ul>\n","protected":false},"excerpt":{"rendered":"","protected":false},"author":1,"featured_media":0,"parent":0,"menu_order":0,"comment_status":"closed","ping_status":"closed","template":"","meta":{"footnotes":""},"class_list":["post-14","page","type-page","status-publish","hentry"],"_links":{"self":[{"href":"https:\/\/lamnedp.usthb.dz\/index.php\/wp-json\/wp\/v2\/pages\/14","targetHints":{"allow":["GET"]}}],"collection":[{"href":"https:\/\/lamnedp.usthb.dz\/index.php\/wp-json\/wp\/v2\/pages"}],"about":[{"href":"https:\/\/lamnedp.usthb.dz\/index.php\/wp-json\/wp\/v2\/types\/page"}],"author":[{"embeddable":true,"href":"https:\/\/lamnedp.usthb.dz\/index.php\/wp-json\/wp\/v2\/users\/1"}],"replies":[{"embeddable":true,"href":"https:\/\/lamnedp.usthb.dz\/index.php\/wp-json\/wp\/v2\/comments?post=14"}],"version-history":[{"count":15,"href":"https:\/\/lamnedp.usthb.dz\/index.php\/wp-json\/wp\/v2\/pages\/14\/revisions"}],"predecessor-version":[{"id":179,"href":"https:\/\/lamnedp.usthb.dz\/index.php\/wp-json\/wp\/v2\/pages\/14\/revisions\/179"}],"wp:attachment":[{"href":"https:\/\/lamnedp.usthb.dz\/index.php\/wp-json\/wp\/v2\/media?parent=14"}],"curies":[{"name":"wp","href":"https:\/\/api.w.org\/{rel}","templated":true}]}}