{"id":15,"date":"2023-06-07T09:17:42","date_gmt":"2023-06-07T09:17:42","guid":{"rendered":"http:\/\/193.194.89.179\/wp_lamnedp\/?page_id=15"},"modified":"2025-01-21T12:54:10","modified_gmt":"2025-01-21T12:54:10","slug":"formation","status":"publish","type":"page","link":"https:\/\/lamnedp.usthb.dz\/index.php\/formation\/","title":{"rendered":"Formation"},"content":{"rendered":"\n<ul class=\"has-luminous-dusk-gradient-background has-background wp-block-list\">\n<li><a href=\"https:\/\/lamnedp.usthb.dz\/index.php\/master-programme_master_edp\/\"><strong>Master (programme_master_edp).<\/strong><\/a><br>9 juillet 2010, par amnedp&lt;&nbsp;![endif]\u2014&gt;<\/li>\n\n\n\n<li><a href=\"https:\/\/lamnedp.usthb.dz\/index.php\/masterdepliant-master\/\"><strong>Master(D\u00e9pliant master)<\/strong><\/a><br>17 juin 2010, par amnedpFacult\u00e9 de Math\u00e9matiques.<br>D\u00e9partement d\u2019Analyse<br>Ann\u00e9e universitaire&nbsp;: 2009\/2010<br>Facult\u00e9 des Math\u00e9matiques.<br>Reconduction du master EDPMMN<br>Avec ouverture du M2<br>Responsable&nbsp;:<br>Professeur D. TENIOU<br>A- Objectifs de la formation<br>Le master vise deux objectifs&nbsp;: le premier est la formation d\u2019enseignants chercheurs en math\u00e9matiques appliqu\u00e9es et le deuxi\u00e8me l\u2019application des math\u00e9matiques dans le domaine tant industriel que financier par l\u2019interm\u00e9diaire de l\u2019apprentissage de la mod\u00e9lisation et&nbsp;(&#8230;)<\/li>\n<\/ul>\n","protected":false},"excerpt":{"rendered":"","protected":false},"author":1,"featured_media":0,"parent":0,"menu_order":0,"comment_status":"closed","ping_status":"closed","template":"","meta":{"footnotes":""},"class_list":["post-15","page","type-page","status-publish","hentry"],"_links":{"self":[{"href":"https:\/\/lamnedp.usthb.dz\/index.php\/wp-json\/wp\/v2\/pages\/15","targetHints":{"allow":["GET"]}}],"collection":[{"href":"https:\/\/lamnedp.usthb.dz\/index.php\/wp-json\/wp\/v2\/pages"}],"about":[{"href":"https:\/\/lamnedp.usthb.dz\/index.php\/wp-json\/wp\/v2\/types\/page"}],"author":[{"embeddable":true,"href":"https:\/\/lamnedp.usthb.dz\/index.php\/wp-json\/wp\/v2\/users\/1"}],"replies":[{"embeddable":true,"href":"https:\/\/lamnedp.usthb.dz\/index.php\/wp-json\/wp\/v2\/comments?post=15"}],"version-history":[{"count":7,"href":"https:\/\/lamnedp.usthb.dz\/index.php\/wp-json\/wp\/v2\/pages\/15\/revisions"}],"predecessor-version":[{"id":163,"href":"https:\/\/lamnedp.usthb.dz\/index.php\/wp-json\/wp\/v2\/pages\/15\/revisions\/163"}],"wp:attachment":[{"href":"https:\/\/lamnedp.usthb.dz\/index.php\/wp-json\/wp\/v2\/media?parent=15"}],"curies":[{"name":"wp","href":"https:\/\/api.w.org\/{rel}","templated":true}]}}