{"id":16,"date":"2023-06-07T09:17:42","date_gmt":"2023-06-07T09:17:42","guid":{"rendered":"http:\/\/193.194.89.179\/wp_lamnedp\/?page_id=16"},"modified":"2025-01-21T12:55:28","modified_gmt":"2025-01-21T12:55:28","slug":"contact","status":"publish","type":"page","link":"https:\/\/lamnedp.usthb.dz\/index.php\/contact\/","title":{"rendered":"Contact"},"content":{"rendered":"\n<blockquote class=\"wp-block-quote has-pale-ocean-gradient-background has-background is-layout-flow wp-block-quote-is-layout-flow\">\n<p><strong><a href=\"http:\/\/193.194.89.103\/lamnedp\/spip.php?article7\">Contact<\/a><\/strong><br>2 mai 2009, par webmaster<\/p>\n\n\n\n<p>Universit\u00e9 des Sciences et de la Technologie HOUARI BOUMEDIENE<br>Facult\u00e9 des Math\u00e9matiques, D\u00e9partement d\u2019analyse<br>Laboratoire d\u2019Analyse Math\u00e9matique et Num\u00e9rique des Equations aux D\u00e9riv\u00e9es Partielles<br>Directeur de laboratoire :Professeur Teniou Djamel Eddine<br>Adresse&nbsp;:<br>T\u00e9l\/Fax&nbsp;:<br>E-Mail&nbsp;: lamnedp@usthb.dz<\/p>\n<\/blockquote>\n","protected":false},"excerpt":{"rendered":"<p>Contact2 mai 2009, par webmaster Universit\u00e9 des Sciences et de la Technologie HOUARI BOUMEDIENEFacult\u00e9 des Math\u00e9matiques, D\u00e9partement d\u2019analyseLaboratoire d\u2019Analyse Math\u00e9matique et Num\u00e9rique des Equations aux D\u00e9riv\u00e9es PartiellesDirecteur de laboratoire :Professeur Teniou Djamel EddineAdresse&nbsp;:T\u00e9l\/Fax&nbsp;:E-Mail&nbsp;: lamnedp@usthb.dz<\/p>\n","protected":false},"author":1,"featured_media":0,"parent":0,"menu_order":0,"comment_status":"closed","ping_status":"closed","template":"","meta":{"footnotes":""},"class_list":["post-16","page","type-page","status-publish","hentry"],"_links":{"self":[{"href":"https:\/\/lamnedp.usthb.dz\/index.php\/wp-json\/wp\/v2\/pages\/16","targetHints":{"allow":["GET"]}}],"collection":[{"href":"https:\/\/lamnedp.usthb.dz\/index.php\/wp-json\/wp\/v2\/pages"}],"about":[{"href":"https:\/\/lamnedp.usthb.dz\/index.php\/wp-json\/wp\/v2\/types\/page"}],"author":[{"embeddable":true,"href":"https:\/\/lamnedp.usthb.dz\/index.php\/wp-json\/wp\/v2\/users\/1"}],"replies":[{"embeddable":true,"href":"https:\/\/lamnedp.usthb.dz\/index.php\/wp-json\/wp\/v2\/comments?post=16"}],"version-history":[{"count":3,"href":"https:\/\/lamnedp.usthb.dz\/index.php\/wp-json\/wp\/v2\/pages\/16\/revisions"}],"predecessor-version":[{"id":164,"href":"https:\/\/lamnedp.usthb.dz\/index.php\/wp-json\/wp\/v2\/pages\/16\/revisions\/164"}],"wp:attachment":[{"href":"https:\/\/lamnedp.usthb.dz\/index.php\/wp-json\/wp\/v2\/media?parent=16"}],"curies":[{"name":"wp","href":"https:\/\/api.w.org\/{rel}","templated":true}]}}