{"id":176,"date":"2025-07-09T23:26:51","date_gmt":"2025-07-09T22:26:51","guid":{"rendered":"https:\/\/lamnedp.usthb.dz\/?page_id=176"},"modified":"2025-09-09T21:38:59","modified_gmt":"2025-09-09T20:38:59","slug":"9th-amnedp-laboratory-workshop-dedicated-to-the-memory-of-mohanf-arezki-moussaoui","status":"publish","type":"page","link":"https:\/\/lamnedp.usthb.dz\/index.php\/9th-amnedp-laboratory-workshop-dedicated-to-the-memory-of-mohanf-arezki-moussaoui\/","title":{"rendered":"9th AMNEDP Laboratory Workshop"},"content":{"rendered":"\n<p><\/p>\n\n\n\n<p><\/p>\n\n\n\n<div class=\"wp-block-columns is-layout-flex wp-container-core-columns-is-layout-9d6595d7 wp-block-columns-is-layout-flex\">\n<div class=\"wp-block-column is-layout-flow wp-block-column-is-layout-flow\">\n<p class=\"has-text-color has-link-color has-large-font-size wp-elements-2afa0926da4a017a604f16b03a606796\" style=\"color:#ff0000\"><strong>Faculty of Mathematics, USTHB&nbsp; <\/strong><\/p>\n\n\n\n<p class=\"has-text-color has-link-color has-large-font-size wp-elements-d82685a748327e869c4f245827f6d727\" style=\"color:#ff0000\">September 20-21, 2025<\/p>\n<\/div>\n\n\n\n<div class=\"wp-block-column is-layout-flow wp-block-column-is-layout-flow\"><div class=\"wp-block-image\">\n<figure class=\"aligncenter size-full is-resized\"><img loading=\"lazy\" decoding=\"async\" width=\"160\" height=\"277\" src=\"https:\/\/lamnedp.usthb.dz\/wp-content\/uploads\/2025\/08\/IMG_91888-Copie.jpg\" alt=\"\" class=\"wp-image-212\" style=\"width:164px;height:auto\"\/><\/figure><\/div><\/div>\n<\/div>\n\n\n\n<div class=\"wp-block-columns is-layout-flex wp-container-core-columns-is-layout-9d6595d7 wp-block-columns-is-layout-flex\">\n<div class=\"wp-block-column is-layout-flow wp-block-column-is-layout-flow\">\n<p class=\"has-text-color has-link-color has-large-font-size wp-elements-589a9c0832c15712816c519d56b4492b\" style=\"color:#0273bf\"><strong>Invited speakers<\/strong><\/p>\n\n\n\n<p><\/p>\n\n\n\n<ul class=\"wp-block-list\">\n<li class=\"has-text-color has-link-color wp-elements-b03027ab441f70e4f4c8f231a3b581f2\" style=\"color:#0273bf\"><strong>Abdelhamid AINOUZ<\/strong><\/li>\n\n\n\n<li class=\"has-text-color has-link-color wp-elements-36e9d9baea9c188ab45518edbecb6273\" style=\"color:#0273bf\"><strong>Hassina KHELLADI<\/strong><\/li>\n\n\n\n<li class=\"has-text-color has-link-color wp-elements-1cf6af8681919c8c223dd9242ce05ea5\" style=\"color:#0273bf\"><strong>Keddour LEMRABET<\/strong><\/li>\n\n\n\n<li class=\"has-text-color has-link-color wp-elements-3fa6dc0acbd93a4b133c7da0691717bd\" style=\"color:#0273bf\"><strong>Leila RAHMANI<\/strong><\/li>\n\n\n\n<li class=\"has-text-color has-link-color wp-elements-23bf552c03d45bb35447969d6df3bd95\" style=\"color:#0273bf\"><strong>Djamel Eddine TENIOU<\/strong><\/li>\n<\/ul>\n<\/div>\n\n\n\n<div class=\"wp-block-column is-layout-flow wp-block-column-is-layout-flow\"><div class=\"wp-block-image\">\n<figure class=\"aligncenter size-full is-resized\"><img loading=\"lazy\" decoding=\"async\" width=\"768\" height=\"1024\" src=\"https:\/\/lamnedp.usthb.dz\/wp-content\/uploads\/2025\/08\/facmaths-1.jpg\" alt=\"\" class=\"wp-image-223\" style=\"width:182px;height:auto\" srcset=\"https:\/\/lamnedp.usthb.dz\/wp-content\/uploads\/2025\/08\/facmaths-1.jpg 768w, https:\/\/lamnedp.usthb.dz\/wp-content\/uploads\/2025\/08\/facmaths-1-225x300.jpg 225w\" sizes=\"auto, (max-width: 768px) 100vw, 768px\" \/><\/figure><\/div><\/div>\n<\/div>\n\n\n\n<p><\/p>\n\n\n\n<p class=\"has-text-color has-link-color has-normal-font-size wp-elements-70ee3963b13b5100a07c1c418edc0187\" style=\"color:#fab980\">Organizing Committee<\/p>\n\n\n\n<div class=\"wp-block-columns is-layout-flex wp-container-core-columns-is-layout-9d6595d7 wp-block-columns-is-layout-flex\">\n<div class=\"wp-block-column is-layout-flow wp-block-column-is-layout-flow\" style=\"flex-basis:100%\">\n<figure class=\"wp-block-table is-style-stripes\"><table class=\"has-text-color has-link-color has-fixed-layout\" style=\"color:#fab980\"><tbody><tr><td><strong><strong>Khaled El-Ghaouti BOUTARENE (Chair)         &nbsp; <\/strong><\/strong><br><strong>Tarik ALIZIANE<\/strong> <strong>&nbsp;<\/strong><br><strong>Nour Elhouda ALLAOUI<\/strong> <strong>&nbsp;<\/strong> &nbsp;<br><strong>Rachida BOUDJERADA<\/strong><\/td><td><br><strong>Nadjiba FOUKROUN<\/strong> <br><strong>Sami GALLEZE<\/strong> <br><strong>Hicham KASRI<\/strong> &nbsp;<\/td><td><br><strong>Dounya KECHICHE<\/strong> <br><strong>Hadjer OUZZANE<\/strong> <br><strong>Nawel ZAIDI<\/strong> \u00a0<\/td><\/tr><\/tbody><\/table><\/figure>\n<\/div>\n<\/div>\n\n\n\n<p>Pour t\u00e9l\u00e9charger l&#8217;afficher, merci de cliquer <a href=\"https:\/\/lamnedp.usthb.dz\/wp-content\/uploads\/2025\/09\/Affiche.pdf\">ici.<\/a><\/p>\n\n\n\n<p><\/p>\n\n\n\n<p><\/p>\n\n\n\n<p>\ud83d\udd53&nbsp;Les inscriptions (avec ou sans communication) restent ouvertes <strong>jusqu\u2019au 31 juillet 2025<\/strong> via le lien suivant : <a href=\"https:\/\/forms.gle\/19UFFaZjNCmXz8hx5\">https:\/\/forms.gle\/19UFFaZjNCmXz8hx5<\/a><\/p>\n\n\n\n<p>Dans le cas d\u2019une participation avec communication, nous vous invitons \u00e0 joindre un r\u00e9sum\u00e9 (en anglais ou en fran\u00e7ais), lors de votre inscription, en utilisant le mod\u00e8le fourni <a href=\"https:\/\/lamnedp.usthb.dz\/wp-content\/uploads\/2025\/08\/Template-AMNEDP-WORKSHOP-2025.zip\"><strong>ici<\/strong>.<\/a><\/p>\n\n\n\n<p><\/p>\n\n\n\n<p><\/p>\n\n\n\n<p><\/p>\n\n\n\n<div class=\"wp-block-columns is-layout-flex wp-container-core-columns-is-layout-9d6595d7 wp-block-columns-is-layout-flex\">\n<div class=\"wp-block-column is-layout-flow wp-block-column-is-layout-flow\">\n<figure class=\"wp-block-image size-full is-resized\"><img loading=\"lazy\" decoding=\"async\" width=\"608\" height=\"524\" src=\"https:\/\/lamnedp.usthb.dz\/wp-content\/uploads\/2025\/09\/logo11-2.png\" alt=\"\" class=\"wp-image-236\" style=\"width:142px;height:auto\" srcset=\"https:\/\/lamnedp.usthb.dz\/wp-content\/uploads\/2025\/09\/logo11-2.png 608w, https:\/\/lamnedp.usthb.dz\/wp-content\/uploads\/2025\/09\/logo11-2-300x259.png 300w\" sizes=\"auto, (max-width: 608px) 100vw, 608px\" \/><\/figure>\n<\/div>\n\n\n\n<div class=\"wp-block-column is-layout-flow wp-block-column-is-layout-flow\">\n<figure class=\"wp-block-image size-large is-resized\"><img loading=\"lazy\" decoding=\"async\" width=\"1024\" height=\"686\" src=\"https:\/\/lamnedp.usthb.dz\/wp-content\/uploads\/2025\/09\/logo2-1-1024x686.png\" alt=\"\" class=\"wp-image-237\" style=\"width:134px;height:auto\" srcset=\"https:\/\/lamnedp.usthb.dz\/wp-content\/uploads\/2025\/09\/logo2-1-1024x686.png 1024w, https:\/\/lamnedp.usthb.dz\/wp-content\/uploads\/2025\/09\/logo2-1-300x201.png 300w, https:\/\/lamnedp.usthb.dz\/wp-content\/uploads\/2025\/09\/logo2-1-768x515.png 768w, https:\/\/lamnedp.usthb.dz\/wp-content\/uploads\/2025\/09\/logo2-1.png 1438w\" sizes=\"auto, (max-width: 1024px) 100vw, 1024px\" \/><\/figure>\n<\/div>\n\n\n\n<div class=\"wp-block-column is-layout-flow wp-block-column-is-layout-flow\">\n<figure class=\"wp-block-image size-large is-resized\"><img loading=\"lazy\" decoding=\"async\" width=\"1024\" height=\"569\" src=\"https:\/\/lamnedp.usthb.dz\/wp-content\/uploads\/2025\/09\/logo3-1-1024x569.png\" alt=\"\" class=\"wp-image-238\" style=\"width:153px;height:auto\" srcset=\"https:\/\/lamnedp.usthb.dz\/wp-content\/uploads\/2025\/09\/logo3-1-1024x569.png 1024w, https:\/\/lamnedp.usthb.dz\/wp-content\/uploads\/2025\/09\/logo3-1-300x167.png 300w, https:\/\/lamnedp.usthb.dz\/wp-content\/uploads\/2025\/09\/logo3-1-768x427.png 768w, https:\/\/lamnedp.usthb.dz\/wp-content\/uploads\/2025\/09\/logo3-1.png 1134w\" sizes=\"auto, (max-width: 1024px) 100vw, 1024px\" \/><\/figure>\n<\/div>\n<\/div>\n\n\n\n<p><\/p>\n","protected":false},"excerpt":{"rendered":"<p>Faculty of Mathematics, USTHB&nbsp; September 20-21, 2025 Invited speakers Organizing Committee Khaled El-Ghaouti BOUTARENE (Chair) &nbsp; Tarik ALIZIANE &nbsp;Nour Elhouda ALLAOUI &nbsp; &nbsp;Rachida BOUDJERADA Nadjiba FOUKROUN Sami GALLEZE Hicham KASRI &nbsp; Dounya KECHICHE Hadjer OUZZANE Nawel ZAIDI \u00a0 Pour t\u00e9l\u00e9charger <span class=\"readmore\"><a href=\"https:\/\/lamnedp.usthb.dz\/index.php\/9th-amnedp-laboratory-workshop-dedicated-to-the-memory-of-mohanf-arezki-moussaoui\/\">Continue Reading<\/a><\/span><\/p>\n","protected":false},"author":1,"featured_media":217,"parent":0,"menu_order":0,"comment_status":"closed","ping_status":"closed","template":"","meta":{"footnotes":""},"class_list":["post-176","page","type-page","status-publish","has-post-thumbnail","hentry"],"_links":{"self":[{"href":"https:\/\/lamnedp.usthb.dz\/index.php\/wp-json\/wp\/v2\/pages\/176","targetHints":{"allow":["GET"]}}],"collection":[{"href":"https:\/\/lamnedp.usthb.dz\/index.php\/wp-json\/wp\/v2\/pages"}],"about":[{"href":"https:\/\/lamnedp.usthb.dz\/index.php\/wp-json\/wp\/v2\/types\/page"}],"author":[{"embeddable":true,"href":"https:\/\/lamnedp.usthb.dz\/index.php\/wp-json\/wp\/v2\/users\/1"}],"replies":[{"embeddable":true,"href":"https:\/\/lamnedp.usthb.dz\/index.php\/wp-json\/wp\/v2\/comments?post=176"}],"version-history":[{"count":26,"href":"https:\/\/lamnedp.usthb.dz\/index.php\/wp-json\/wp\/v2\/pages\/176\/revisions"}],"predecessor-version":[{"id":249,"href":"https:\/\/lamnedp.usthb.dz\/index.php\/wp-json\/wp\/v2\/pages\/176\/revisions\/249"}],"wp:featuredmedia":[{"embeddable":true,"href":"https:\/\/lamnedp.usthb.dz\/index.php\/wp-json\/wp\/v2\/media\/217"}],"wp:attachment":[{"href":"https:\/\/lamnedp.usthb.dz\/index.php\/wp-json\/wp\/v2\/media?parent=176"}],"curies":[{"name":"wp","href":"https:\/\/api.w.org\/{rel}","templated":true}]}}