{"id":40,"date":"2023-06-07T09:32:54","date_gmt":"2023-06-07T09:32:54","guid":{"rendered":"http:\/\/193.194.89.179\/wp_lamnedp\/?page_id=40"},"modified":"2025-01-21T12:40:22","modified_gmt":"2025-01-21T12:40:22","slug":"equipe-1-problemes-de-reaction-diffusion-et-applications","status":"publish","type":"page","link":"https:\/\/lamnedp.usthb.dz\/index.php\/equipe-1-problemes-de-reaction-diffusion-et-applications\/","title":{"rendered":"Equipe 1 : Probl\u00e8mes de r\u00e9action diffusion et applications"},"content":{"rendered":"\n<h2 class=\"has-blush-bordeaux-gradient-background has-background wp-block-heading\"><strong>Membres de l\u2019\u00e9quipe<\/strong><\/h2>\n\n\n\n<figure class=\"wp-block-table is-style-stripes\"><table class=\"has-very-light-gray-to-cyan-bluish-gray-gradient-background has-background\"><tbody><tr><td><strong>Nom et Pr\u00e9nom<\/strong><\/td><td><strong>Grade<\/strong><\/td><td><strong>Mail<\/strong><\/td><\/tr><tr><td><strong>AISSA Naima&nbsp; <\/strong>(chef d&#8217;\u00e9quipe)<\/td><td>Professeur, USTHB<\/td><td>aissa.naima@gmail.com<\/td><\/tr><tr><td>TENIOU Djamel Eddine<\/td><td>Professeur, USTHB<\/td><td>deteniou@gmail.com<\/td><\/tr><tr><td>FOUKROUN Nadjiba<\/td><td>MCA, USTHB<\/td><td>nfoukroun@yahoo.fr<\/td><\/tr><tr><td>ABDELAZIZ Soraya<\/td><td>MCB, USTHB<\/td><td>sorayaabd2@gmail.com<\/td><\/tr><tr><td>BALEHOUANE Abdelhak<\/td><td>MCB, USTHB<\/td><td>balehouane.abdelkhalek@gmail.com<\/td><\/tr><tr><td>BEYOUD Samira<\/td><td>MCB, USTHB<\/td><td>formathematic@gmail.com<\/td><\/tr><tr><td>TITRI ep. BOUADJENAK Chahrazad<\/td><td>MCB, USTHB<\/td><td>chahrazad.titri@bouadjenak.com<\/td><\/tr><tr><td>TSAMDA Hocine<\/td><td>MCB, USTHB<\/td><td>hocine.maths@gmail.com<\/td><\/tr><tr><td>CHAREF KHOUDJA Aicha<\/td><td>MAA, USTHB<\/td><td>acharefkhodja@yahoo.com<\/td><\/tr><tr><td>GUETTACHE Boualem<\/td><td>MAA, USTHB<\/td><td>b.guettache@g.essa-alger.edu.dz<\/td><\/tr><tr><td>OMARI Hanane<\/td><td>Doctorante, USTHB<\/td><td>hananaedp@hotmail.fr<\/td><\/tr><\/tbody><\/table><\/figure>\n\n\n\n<h2 class=\"has-blush-bordeaux-gradient-background has-background wp-block-heading\"><strong>Objectifs de l&#8217;\u00e9quipe :<\/strong><\/h2>\n\n\n\n<blockquote class=\"wp-block-quote has-medium-black-color has-text-color is-layout-flow wp-block-quote-is-layout-flow\">\n<p>La th\u00e9matique se d\u00e9compose en deux parties:<\/p>\n\n\n\n<p> -La premi\u00e8re partie la plus importante concerne l&#8217;\u00e9coulement d&#8217;un fluide dans un canal. Lorsque le fond n&#8217;est pas plat (existence d&#8217;un obstacle), l&#8217;\u00e9coulement est perturb\u00e9 et la surface en contact avec l&#8217;air n&#8217;est plus plate; on dit alors que l&#8217;on a une fronti\u00e8re libre. Il s&#8217;agit alors d&#8217;une part de chercher des hypoth\u00e8ses sur le nombre de Froude pour que la solution soit unique, et d\u00e9terminer cette solution analytiquement et num\u00e9riquement. On cherche \u00e9galement ce qui se passe lorsque les hypoth\u00e8ses sur le nombre de Froude impos\u00e9es pour garantir l&#8217;unicit\u00e9 ne sont pas satisfaite. On essaie de montrer qu&#8217;il y a des ondes solitaires. On cherche \u00e9galement \u00e0 connaitre leur nombre en fonction de la variation de la densit\u00e9 du fluide. On \u00e9tudie \u00e9galement ce probl\u00e8me dans le cas o\u00f9 l&#8217;on tient compte de la tension superficielle.&nbsp;<\/p>\n\n\n\n<p>&#8211; La deuxi\u00e8me partie concerne des probl\u00e8mes de contr\u00f4le. Consid\u00e9rant un probl\u00e8me d&#8217;\u00e9volution, avec conditions initiales donn\u00e9es, on cherche \u00e0 savoir en fonction du type de probl\u00e8me d&#8217;\u00e9volution si on peut mettre un contr\u00f4le, soit interne soit sur une partie de la fronti\u00e8re qui permette de ramener l&#8217;\u00e9tat \u00e0 l&#8217;\u00e9quilibre. On essaie d&#8217;utiliser pour cela des in\u00e9galit\u00e9s d&#8217;observabilit\u00e9.<\/p>\n<\/blockquote>\n\n\n\n<p>&nbsp;&nbsp;&nbsp;&nbsp;&nbsp;&nbsp; <\/p>\n","protected":false},"excerpt":{"rendered":"<p>Membres de l\u2019\u00e9quipe Nom et Pr\u00e9nom Grade Mail AISSA Naima&nbsp; (chef d&#8217;\u00e9quipe) Professeur, USTHB aissa.naima@gmail.com TENIOU Djamel Eddine Professeur, USTHB deteniou@gmail.com FOUKROUN Nadjiba MCA, USTHB nfoukroun@yahoo.fr ABDELAZIZ Soraya MCB, USTHB sorayaabd2@gmail.com BALEHOUANE Abdelhak MCB, USTHB balehouane.abdelkhalek@gmail.com BEYOUD Samira MCB, USTHB <span class=\"readmore\"><a href=\"https:\/\/lamnedp.usthb.dz\/index.php\/equipe-1-problemes-de-reaction-diffusion-et-applications\/\">Continue Reading<\/a><\/span><\/p>\n","protected":false},"author":1,"featured_media":0,"parent":0,"menu_order":0,"comment_status":"closed","ping_status":"closed","template":"","meta":{"footnotes":""},"class_list":["post-40","page","type-page","status-publish","hentry"],"_links":{"self":[{"href":"https:\/\/lamnedp.usthb.dz\/index.php\/wp-json\/wp\/v2\/pages\/40","targetHints":{"allow":["GET"]}}],"collection":[{"href":"https:\/\/lamnedp.usthb.dz\/index.php\/wp-json\/wp\/v2\/pages"}],"about":[{"href":"https:\/\/lamnedp.usthb.dz\/index.php\/wp-json\/wp\/v2\/types\/page"}],"author":[{"embeddable":true,"href":"https:\/\/lamnedp.usthb.dz\/index.php\/wp-json\/wp\/v2\/users\/1"}],"replies":[{"embeddable":true,"href":"https:\/\/lamnedp.usthb.dz\/index.php\/wp-json\/wp\/v2\/comments?post=40"}],"version-history":[{"count":5,"href":"https:\/\/lamnedp.usthb.dz\/index.php\/wp-json\/wp\/v2\/pages\/40\/revisions"}],"predecessor-version":[{"id":151,"href":"https:\/\/lamnedp.usthb.dz\/index.php\/wp-json\/wp\/v2\/pages\/40\/revisions\/151"}],"wp:attachment":[{"href":"https:\/\/lamnedp.usthb.dz\/index.php\/wp-json\/wp\/v2\/media?parent=40"}],"curies":[{"name":"wp","href":"https:\/\/api.w.org\/{rel}","templated":true}]}}