{"id":42,"date":"2023-06-07T09:34:26","date_gmt":"2023-06-07T09:34:26","guid":{"rendered":"http:\/\/193.194.89.179\/wp_lamnedp\/?page_id=42"},"modified":"2025-01-21T12:37:01","modified_gmt":"2025-01-21T12:37:01","slug":"equipe-2-techniques-de-modelisation-en-milieux-heterogenes-et-coches-minces","status":"publish","type":"page","link":"https:\/\/lamnedp.usthb.dz\/index.php\/equipe-2-techniques-de-modelisation-en-milieux-heterogenes-et-coches-minces\/","title":{"rendered":"Equipe 2 : Techniques de mod\u00e9lisation en milieux h\u00e9t\u00e9rog\u00e8nes et coches minces"},"content":{"rendered":"\n<h2 class=\"has-pale-ocean-gradient-background has-background wp-block-heading\"><strong>Membres de l\u2019\u00e9quipe<\/strong><\/h2>\n\n\n\n<figure class=\"wp-block-table is-style-stripes\"><table class=\"has-very-light-gray-to-cyan-bluish-gray-gradient-background has-background\"><tbody><tr><td><strong>Nom et pr\u00e9nom<\/strong><\/td><td><strong>Grade<\/strong><\/td><td><strong>Mail<\/strong><\/td><\/tr><tr><td><strong>BOUTARENE Khaled El-Ghaouti&nbsp; <\/strong>(chef d&#8217;\u00e9quipe)<\/td><td>MCA, USTHB<\/td><td>kboutarene@usthb.dz<\/td><\/tr><tr><td>LEMRABET Keddour<\/td><td>Professeur, USTHB<\/td><td>keddourlemrabet@yahoo.fr<\/td><\/tr><tr><td>HAMROUN Djamila<\/td><td>Professeur, USTHB<\/td><td>djamroun@yahoo.fr<\/td><\/tr><tr><td>ABDELLAOUI Athmane<\/td><td>MCB, \u00c9cole Normale Sup\u00e9rieure, Bou Sa\u00e2da<\/td><td>a.abdallaoui18@gmail.com<\/td><\/tr><tr><td>AGOUNE Fateh<\/td><td>MCB, USTHB<\/td><td>agg-fatah@hotmail.com<\/td><\/tr><tr><td>AINOUZ Abdelhamid<\/td><td>MCB, USTHB<\/td><td>ainouz@gmail.com<\/td><\/tr><tr><td>AIT YAHIA Mohamed Mourad L&#8217;hannafi<\/td><td>MCB, USTHB<\/td><td>aityahiamourad@gmail.com<\/td><\/tr><tr><td>BENRAOUDA Ahlem<\/td><td>MCB, USTHB<\/td><td>benraouda.ahlem@gmail.com<\/td><\/tr><tr><td>GALLEZE Sami<\/td><td>Doctorant, USTHB<\/td><td>glz.sami@outlook.fr<\/td><\/tr><\/tbody><\/table><\/figure>\n\n\n\n<h2 class=\"has-pale-ocean-gradient-background has-background wp-block-heading\"><strong>Objectifs de l&#8217;\u00e9quipe :<\/strong><\/h2>\n\n\n\n<blockquote class=\"wp-block-quote has-medium-black-color has-text-color is-layout-flow wp-block-quote-is-layout-flow\">\n<p> Mod\u00e9lisation et \u00e9tude de la propagation d&#8217;ondes dans des milieux h\u00e9t\u00e9rog\u00e8nes en g\u00e9n\u00e9ral: <\/p>\n\n\n\n<p>Etude de l&#8217;effet de couches minces et d&#8217;inclusions minces en \u00e9lectromagn\u00e9tisme et en \u00e9lasticit\u00e9, homog\u00e9n\u00e9isation de r\u00e9seaux perfor\u00e9s, \u00e9tude de milieux ferro-fluides, \u00e9tude de jonctions de structures raides. La mod\u00e9lisation de couches minces et d&#8217;inclusions minces se fait pa les techniques des d\u00e9veloppements asymptotiques raccord\u00e9s et la techniques des syst\u00e8mes diff\u00e9rentielles abstraits : des mod\u00e8les approch\u00e9s d&#8217;imp\u00e9dances en fonction de l&#8217;\u00e9paisseur de la couche sont recherch\u00e9s, justifi\u00e9s puis \u00e9tudi\u00e9s. Pour les r\u00e9seaux p\u00e9riodiques\u00a0 perfor\u00e9s, la technique de l&#8217;homog\u00e9n\u00e9isation \u00e0 double \u00e9chelle est utilis\u00e9e : des mod\u00e8les homog\u00e9n\u00e9is\u00e9s sont recherch\u00e9s et \u00e9tudi\u00e9s. La mod\u00e9lisation de structures non r\u00e9guli\u00e8res raidies sur le bord par des structures minces raides utilise la technique des d\u00e9veloppements raccord\u00e9s : des profils (fonction avec des singularit\u00e9s g\u00e9om\u00e9triques) de comportement des solutions sont recherch\u00e9s et \u00e9tudi\u00e9s. Pour les fluides ferromagn\u00e9tiques les techniques non lin\u00e9aires sont utilis\u00e9es pour l&#8217;\u00e9tude de l&#8217;\u00e9coulement et la justification de l&#8217;existence de solutions. La recherche de la stabilit\u00e9 des mod\u00e8les et la majoration de l&#8217;erreur (en fonction de l&#8217;\u00e9paisseur de la couche mince) dans les mod\u00e8les est un point cl\u00e9 dans la mod\u00e9lisation asymptotique..<\/p>\n<\/blockquote>\n","protected":false},"excerpt":{"rendered":"<p>Membres de l\u2019\u00e9quipe Nom et pr\u00e9nom Grade Mail BOUTARENE Khaled El-Ghaouti&nbsp; (chef d&#8217;\u00e9quipe) MCA, USTHB kboutarene@usthb.dz LEMRABET Keddour Professeur, USTHB keddourlemrabet@yahoo.fr HAMROUN Djamila Professeur, USTHB djamroun@yahoo.fr ABDELLAOUI Athmane MCB, \u00c9cole Normale Sup\u00e9rieure, Bou Sa\u00e2da a.abdallaoui18@gmail.com AGOUNE Fateh MCB, USTHB agg-fatah@hotmail.com <span class=\"readmore\"><a href=\"https:\/\/lamnedp.usthb.dz\/index.php\/equipe-2-techniques-de-modelisation-en-milieux-heterogenes-et-coches-minces\/\">Continue Reading<\/a><\/span><\/p>\n","protected":false},"author":1,"featured_media":0,"parent":0,"menu_order":0,"comment_status":"closed","ping_status":"closed","template":"","meta":{"footnotes":""},"class_list":["post-42","page","type-page","status-publish","hentry"],"_links":{"self":[{"href":"https:\/\/lamnedp.usthb.dz\/index.php\/wp-json\/wp\/v2\/pages\/42","targetHints":{"allow":["GET"]}}],"collection":[{"href":"https:\/\/lamnedp.usthb.dz\/index.php\/wp-json\/wp\/v2\/pages"}],"about":[{"href":"https:\/\/lamnedp.usthb.dz\/index.php\/wp-json\/wp\/v2\/types\/page"}],"author":[{"embeddable":true,"href":"https:\/\/lamnedp.usthb.dz\/index.php\/wp-json\/wp\/v2\/users\/1"}],"replies":[{"embeddable":true,"href":"https:\/\/lamnedp.usthb.dz\/index.php\/wp-json\/wp\/v2\/comments?post=42"}],"version-history":[{"count":3,"href":"https:\/\/lamnedp.usthb.dz\/index.php\/wp-json\/wp\/v2\/pages\/42\/revisions"}],"predecessor-version":[{"id":146,"href":"https:\/\/lamnedp.usthb.dz\/index.php\/wp-json\/wp\/v2\/pages\/42\/revisions\/146"}],"wp:attachment":[{"href":"https:\/\/lamnedp.usthb.dz\/index.php\/wp-json\/wp\/v2\/media?parent=42"}],"curies":[{"name":"wp","href":"https:\/\/api.w.org\/{rel}","templated":true}]}}