{"id":44,"date":"2023-06-07T10:48:11","date_gmt":"2023-06-07T10:48:11","guid":{"rendered":"http:\/\/193.194.89.179\/wp_lamnedp\/?page_id=44"},"modified":"2025-01-21T12:38:49","modified_gmt":"2025-01-21T12:38:49","slug":"equipe-3-problemes-devolution-non-lineaires","status":"publish","type":"page","link":"https:\/\/lamnedp.usthb.dz\/index.php\/equipe-3-problemes-devolution-non-lineaires\/","title":{"rendered":"Equipe 3 : Probl\u00e8mes d&#8217;\u00e9volution non lin\u00e9aires"},"content":{"rendered":"\n<h2 class=\"has-cool-to-warm-spectrum-gradient-background has-background wp-block-heading\"><strong>Membres de l\u2019\u00e9quipe<\/strong>:<\/h2>\n\n\n\n<figure class=\"wp-block-table is-style-stripes\"><table class=\"has-very-light-gray-to-cyan-bluish-gray-gradient-background has-background\"><tbody><tr><td><strong>Nom et Pr\u00e9nom<\/strong><\/td><td><strong>Grade<\/strong><\/td><td><strong>Mail<\/strong><\/td><\/tr><tr><td><strong>ALI ZIANE Tarik <\/strong>(chef d&#8217;\u00e9quipe)<\/td><td>Professeur, USTHB<\/td><td>taliziane@gmail.com<\/td><\/tr><tr><td>KACIMI Abderrahim<\/td><td>MCA, Grande Ecole de l&#8217;IA<\/td><td>kacimi.rahim@gmail.com<\/td><\/tr><tr><td>KHOUTIR Sofiane<\/td><td>MCA, USTHB<\/td><td>sofiane_math@live.fr<\/td><\/tr><tr><td>AZOUG Slimane<\/td><td>MCB, USTHB<\/td><td>AZ_slimane@hotmail.com<\/td><\/tr><tr><td>LOUARDANI Asma<\/td><td>MCB, USTHB<\/td><td>asmalouardani@yahoo.fr<\/td><\/tr><tr><td>OUZZANE ep. HIMER Hadjer<\/td><td>MCB, USTHB<\/td><td>hadjer.ouzzane7@gmail.com<\/td><\/tr><tr><td>GASMI ep. LAIB Nardjes<\/td><td>MAA, USTHB<\/td><td>nardjesgasmi11951@gmail.com<\/td><\/tr><\/tbody><\/table><\/figure>\n\n\n\n<h2 class=\"has-cool-to-warm-spectrum-gradient-background has-background wp-block-heading\"><strong>Objectifs de l&#8217;\u00e9quipe :<\/strong><\/h2>\n\n\n\n<blockquote class=\"wp-block-quote has-medium-black-color has-text-color is-layout-flow wp-block-quote-is-layout-flow\">\n<p>L&#8217;\u00e9quipe travaille sur deux axes principaux li\u00e9s aux probl\u00e8mes d&#8217;\u00e9volution : \u00a0<\/p>\n\n\n\n<p><br>-Le premier axe se centre autour de la m\u00e9canique des fluides, et concerne particuli\u00e8rement deux th\u00e8mes\u00a0 &#8211; L&#8217;analyse num\u00e9rique des \u00e9coulements atmosph\u00e9riques, o\u00f9 un code est r\u00e9alis\u00e9 pour simuler le climat aux dessus des tropiques. &#8211; Etudes locales des fluides et recherche de l&#8217;existence de vortex et leurs comportements.<\/p>\n\n\n\n<p>-Le deuxi\u00e8me axe concerne des probl\u00e8mes de contr\u00f4le, probl\u00e8mes inverses et probl\u00e8mes de stabilisation et ce pour des probl\u00e8mes \u00e9voluant en pr\u00e9sence de singularit\u00e9s. Les techniques utilis\u00e9es se r\u00e9sument dans l&#8217;\u00e9tablissement d&#8217;estimations de Carleman qui donnent des in\u00e9galit\u00e9s d&#8217;observabilit\u00e9 et des r\u00e9sultats de contr\u00f4labilit\u00e9 et des in\u00e9galit\u00e9s de stabilit\u00e9 utilis\u00e9es pour l&#8217;\u00e9tude des probl\u00e8mes inverses. Ces techniques sont utilis\u00e9es pour l&#8217;\u00e9quation de la chaleur. Pour l&#8217;\u00e9quation des ondes les travaux se concentrent sur l&#8217;\u00e9tablissement des estimation d&#8217;\u00e9nergie qui donnent des r\u00e9sultats optimaux de stabilisation et pour le contr\u00f4le insensibilisant.&#8221;\u00a0\u00a0<\/p>\n<\/blockquote>\n\n\n\n<p><\/p>\n","protected":false},"excerpt":{"rendered":"<p>Membres de l\u2019\u00e9quipe: Nom et Pr\u00e9nom Grade Mail ALI ZIANE Tarik (chef d&#8217;\u00e9quipe) Professeur, USTHB taliziane@gmail.com KACIMI Abderrahim MCA, Grande Ecole de l&#8217;IA kacimi.rahim@gmail.com KHOUTIR Sofiane MCA, USTHB sofiane_math@live.fr AZOUG Slimane MCB, USTHB AZ_slimane@hotmail.com LOUARDANI Asma MCB, USTHB asmalouardani@yahoo.fr OUZZANE <span class=\"readmore\"><a href=\"https:\/\/lamnedp.usthb.dz\/index.php\/equipe-3-problemes-devolution-non-lineaires\/\">Continue Reading<\/a><\/span><\/p>\n","protected":false},"author":1,"featured_media":0,"parent":0,"menu_order":0,"comment_status":"closed","ping_status":"closed","template":"","meta":{"footnotes":""},"class_list":["post-44","page","type-page","status-publish","hentry"],"_links":{"self":[{"href":"https:\/\/lamnedp.usthb.dz\/index.php\/wp-json\/wp\/v2\/pages\/44","targetHints":{"allow":["GET"]}}],"collection":[{"href":"https:\/\/lamnedp.usthb.dz\/index.php\/wp-json\/wp\/v2\/pages"}],"about":[{"href":"https:\/\/lamnedp.usthb.dz\/index.php\/wp-json\/wp\/v2\/types\/page"}],"author":[{"embeddable":true,"href":"https:\/\/lamnedp.usthb.dz\/index.php\/wp-json\/wp\/v2\/users\/1"}],"replies":[{"embeddable":true,"href":"https:\/\/lamnedp.usthb.dz\/index.php\/wp-json\/wp\/v2\/comments?post=44"}],"version-history":[{"count":4,"href":"https:\/\/lamnedp.usthb.dz\/index.php\/wp-json\/wp\/v2\/pages\/44\/revisions"}],"predecessor-version":[{"id":149,"href":"https:\/\/lamnedp.usthb.dz\/index.php\/wp-json\/wp\/v2\/pages\/44\/revisions\/149"}],"wp:attachment":[{"href":"https:\/\/lamnedp.usthb.dz\/index.php\/wp-json\/wp\/v2\/media?parent=44"}],"curies":[{"name":"wp","href":"https:\/\/api.w.org\/{rel}","templated":true}]}}