{"id":57,"date":"2023-06-07T11:14:48","date_gmt":"2023-06-07T11:14:48","guid":{"rendered":"http:\/\/193.194.89.179\/wp_lamnedp\/?page_id=57"},"modified":"2023-06-07T12:45:29","modified_gmt":"2023-06-07T12:45:29","slug":"masterdepliant-master","status":"publish","type":"page","link":"https:\/\/lamnedp.usthb.dz\/index.php\/masterdepliant-master\/","title":{"rendered":"Master(D\u00e9pliant master)"},"content":{"rendered":"\n<p>Facult\u00e9 de Math\u00e9matiques.<\/p>\n\n\n\n<p>D\u00e9partement d\u2019Analyse<\/p>\n\n\n\n<p>&nbsp;Ann\u00e9e universitaire&nbsp;: <strong>2009\/2010<\/strong>&nbsp;<\/p>\n\n\n\n<figure class=\"wp-block-image\"><img decoding=\"async\" src=\"http:\/\/10.1.1.108\/IMG\/image\/math.bmp\" alt=\"\"\/><\/figure>\n\n\n\n<p><strong>Facult\u00e9 des Math\u00e9matiques.<\/strong><\/p>\n\n\n\n<p><strong>Reconduction du master EDPMMN<\/strong><\/p>\n\n\n\n<p><strong>Avec ouverture du M2<\/strong><\/p>\n\n\n\n<p><strong>Responsable&nbsp;<\/strong>&nbsp;:<\/p>\n\n\n\n<p>Professeur&nbsp;D. TENIOU<\/p>\n\n\n\n<p><strong>A- Objectifs de la formation<\/strong><\/p>\n\n\n\n<p><strong>Le master vise deux objectifs&nbsp;: le premier est la formation d\u2019enseignants chercheurs en math\u00e9matiques appliqu\u00e9es &nbsp;et le deuxi\u00e8me l\u2019application des math\u00e9matiques dans le domaine tant industriel que financier par l\u2019interm\u00e9diaire de l\u2019apprentissage de la mod\u00e9lisation et de la simulation num\u00e9rique, ainsi que la tentative de r\u00e9solution effective de ces mod\u00e8les, (sur ordinateur),<\/strong><\/p>\n\n\n\n<p><strong>B- Th\u00e8me<\/strong><\/p>\n\n\n\n<p><strong>Le th\u00e8me g\u00e9n\u00e9ral de la formation est la mod\u00e9lisation (th\u00e9orique et num\u00e9rique) de probl\u00e8mes appliqu\u00e9s par des syst\u00e8mes d\u2019\u00e9quations diff\u00e9rentielles,&nbsp;d\u2019\u00e9quations int\u00e9gro- diff\u00e9rentielles et d\u2019\u00e9quations aux d\u00e9riv\u00e9es partielles. Ces probl\u00e8mes sont issus de la m\u00e9canique, de la physique, de la chimie, de la biologie, des finances, des sciences de l\u2019ing\u00e9nieur et de&nbsp;certains aspects de l\u2019informatique scientifique.<\/strong><\/p>\n\n\n\n<p><strong>C\u2013 Conditions d\u2019acc\u00e8s<\/strong><\/p>\n\n\n\n<p>&nbsp;Ce master s\u2019adresse aux titulaires d\u2019une licence&nbsp;en&nbsp;:<\/p>\n\n\n\n<ul class=\"wp-block-list\">\n<li><strong>Math\u00e9matiques.<\/strong><\/li>\n<\/ul>\n\n\n\n<ul class=\"wp-block-list\">\n<li><strong>o<\/strong><strong>u d\u2019un dipl\u00f4me reconnu \u00e9quivalent<\/strong><\/li>\n<\/ul>\n\n\n\n<p><strong>D\u2013 Organisation de la formation&nbsp;:<\/strong><\/p>\n\n\n\n<p><strong><u>Semestre 1<\/u><\/strong><strong>&nbsp;:<\/strong><\/p>\n\n\n\n<figure class=\"wp-block-table\"><table><tbody><tr><td>Mati\u00e8res<br><\/td><td>Code<br><\/td><td><\/td><\/tr><tr><td><\/td><\/tr><tr><td>Th\u00e9orie des distributions<br><br><br><br><\/td><td>MMN<br><br>111<br><\/td><td><\/td><\/tr><tr><td>Equations diff\u00e9rentielles ordinaires<br><br><br><br><\/td><td>MMN<br><br>121<br><\/td><td><\/td><\/tr><tr><td>Calcul diff\u00e9rentiel<br><\/td><td>MMN<br><br>122<br><\/td><td><\/td><\/tr><tr><td>Diff\u00e9rences finies et volumes finis<br><\/td><td>MMN<br><br>131<br><\/td><td><\/td><\/tr><tr><td>Th\u00e9orie du contr\u00f4le en dimension finie.<br><br><br><strong>&nbsp;<\/strong><\/td><td>MMN141<br><\/td><td><\/td><\/tr><\/tbody><\/table><\/figure>\n\n\n\n<p><strong><u>Semestre 2<\/u><\/strong><strong><u>&nbsp;:<\/u><\/strong><\/p>\n\n\n\n<figure class=\"wp-block-table\"><table><tbody><tr><td>Mati\u00e8res<br><\/td><td>Code<br><\/td><td><\/td><\/tr><tr><td><\/td><\/tr><tr><td>Distributions&nbsp;: Transformations usuelles<br><br><br><br><\/td><td>MMN<br><br>211<br><\/td><td><\/td><\/tr><tr><td>Espaces de Sobolev<br><br><br><br><\/td><td>MMN<br><br>212<br><\/td><td><\/td><\/tr><tr><td>Sous vari\u00e9t\u00e9s<br><\/td><td>MMN<br><br>221<br><\/td><td><\/td><\/tr><tr><td>El\u00e9ments finis<br><\/td><td>MMN<br><br>231<br><\/td><td><\/td><\/tr><tr><td>Introduction aux m\u00e9thodes asymptotiques<br><br><br><strong>&nbsp;<\/strong><\/td><td>MMN&nbsp;241<br><\/td><td><\/td><\/tr><\/tbody><\/table><\/figure>\n\n\n\n<p><strong><u>Semestre 3<\/u><\/strong><strong><u>&nbsp;:<\/u><\/strong><\/p>\n\n\n\n<figure class=\"wp-block-table\"><table><tbody><tr><td>Mati\u00e8res<br><\/td><td>Code<br><\/td><td><\/td><\/tr><tr><td><\/td><\/tr><tr><td>Analyse fonctionnelle<br><br><br><br><\/td><td>MMN<br><br>311<br><\/td><td><\/td><\/tr><tr><td>Mod\u00e9lisation en m\u00e9canique des fluides<br><br><br><br><\/td><td>MMN<br><br>321<br><\/td><td><\/td><\/tr><tr><td>Th\u00e9orie des semi groupes et contr\u00f4le<br><\/td><td>MMN<br><br>322<br><\/td><td><\/td><\/tr><tr><td>Analyse num\u00e9rique&nbsp;: m\u00e9thodes spectrales et int\u00e9grales<br><\/td><td>MMN<br><br>331<br><\/td><td><\/td><\/tr><tr><td>Probl\u00e8mes hyperboliques<br><br><br><strong>&nbsp;<\/strong><\/td><td>MMN341<br><\/td><td><\/td><\/tr><tr><td>Mod\u00e9lisation asymptotique<br><\/td><td>MMN<br><br>342<br><\/td><td><\/td><\/tr><tr><td>Mod\u00e9lisation en biomath\u00e9matique<br><\/td><td>MMN<br><br>343<br><\/td><td><\/td><\/tr><tr><td>Analyse de Fourier et traitement du signal<br><\/td><td>MMN<br><br>344<br><\/td><td><\/td><\/tr><\/tbody><\/table><\/figure>\n\n\n\n<p><strong><u>Semestre 4&nbsp;:<\/u><\/strong><\/p>\n\n\n\n<p><strong>&nbsp;Un travail d\u2019initiation \u00e0 la recherche sera propos\u00e9 \u00e0 chaque \u00e9tudiant. Le travail sera suivi par un des membres de l\u2019\u00e9quipe p\u00e9dagogique et se fera dans un des laboratoires de recherche collaborant avec le laboratoire AMNEDP, ou dans un organisme ext\u00e9rieur \u00e0 l\u2019universit\u00e9 en relation avec le laboratoire.<\/strong><\/p>\n\n\n\n<p><strong>E- Partenaires ext\u00e9rieurs&nbsp;:<\/strong><\/p>\n\n\n\n<p><strong>La formation propos\u00e9e entre dans le cadre des activit\u00e9s du<\/strong><\/p>\n\n\n\n<p><strong>Laboratoire AMNEDP<\/strong><\/p>\n\n\n\n<figure class=\"wp-block-image\"><img decoding=\"async\" src=\"http:\/\/10.1.1.108\/IMG\/image\/mathlog.bmp\" alt=\"\"\/><\/figure>\n\n\n\n<p><strong>Notre laboratoire d\u00e9veloppe des relations anciennes avec&nbsp;:<\/strong><\/p>\n\n\n\n<ul class=\"wp-block-list\">\n<li><strong>Le laboratoire Analyse non lin\u00e9aire de L\u2019ENS de Kouba<\/strong><\/li>\n<\/ul>\n\n\n\n<ul class=\"wp-block-list\">\n<li><strong>Laboratoire de math\u00e9matiques (universit\u00e9 de Versailles)<\/strong><\/li>\n<\/ul>\n\n\n\n<ul class=\"wp-block-list\">\n<li><strong>Laboratoire d\u2019analyse num\u00e9rique (universit\u00e9 de Toulouse)<\/strong><\/li>\n<\/ul>\n\n\n\n<ul class=\"wp-block-list\">\n<li><strong>Laboratoire de math\u00e9matiques (Universit\u00e9 de Marseille)<\/strong><\/li>\n<\/ul>\n\n\n\n<ul class=\"wp-block-list\">\n<li><strong>Laboratoire de Calcul Scientifique Universit\u00e9 de Pau<\/strong><\/li>\n<\/ul>\n\n\n\n<ul class=\"wp-block-list\">\n<li><\/li>\n<\/ul>\n\n\n\n<p><strong>F \u2013 Moyens humains disponibles&nbsp;:<\/strong><\/p>\n\n\n\n<figure class=\"wp-block-table\"><table><tbody><tr><td><strong><em>Grade<\/em><\/strong><br><\/td><td><strong><em>Effectif permanent<\/em><\/strong><br><\/td><\/tr><tr><td><strong><em>Professeurs<\/em><\/strong><br><\/td><td><em>&nbsp;quatre<\/em><br><\/td><\/tr><tr><td><strong><em>Ma\u00eetres de Conf\u00e9rences<\/em><\/strong><br><\/td><td><em>&nbsp;Huit<\/em><br><\/td><\/tr><tr><td><strong><em>MAT et CC<\/em><\/strong><br><\/td><td><em>&nbsp;Deux<\/em><br><\/td><\/tr><\/tbody><\/table><\/figure>\n\n\n\n<p><strong>Contacts<\/strong>&nbsp;:<\/p>\n\n\n\n<p>Pour tous renseignements s\u2019adresser au secr\u00e9tariat du d\u00e9partement d\u2019Analyse , Facult\u00e9 des Math\u00e9matiques, USTHB.<\/p>\n\n\n\n<p>Ou<\/p>\n\n\n\n<p>A&nbsp;Monsieur le Professeur D.TENIOU Directeur du Laboratoire AMNEDP<\/p>\n","protected":false},"excerpt":{"rendered":"<p>Facult\u00e9 de Math\u00e9matiques. D\u00e9partement d\u2019Analyse &nbsp;Ann\u00e9e universitaire&nbsp;: 2009\/2010&nbsp; Facult\u00e9 des Math\u00e9matiques. Reconduction du master EDPMMN Avec ouverture du M2 Responsable&nbsp;&nbsp;: Professeur&nbsp;D. TENIOU A- Objectifs de la formation Le master vise deux objectifs&nbsp;: le premier est la formation d\u2019enseignants chercheurs en <span class=\"readmore\"><a href=\"https:\/\/lamnedp.usthb.dz\/index.php\/masterdepliant-master\/\">Continue Reading<\/a><\/span><\/p>\n","protected":false},"author":1,"featured_media":0,"parent":0,"menu_order":0,"comment_status":"closed","ping_status":"closed","template":"","meta":{"footnotes":""},"class_list":["post-57","page","type-page","status-publish","hentry"],"_links":{"self":[{"href":"https:\/\/lamnedp.usthb.dz\/index.php\/wp-json\/wp\/v2\/pages\/57","targetHints":{"allow":["GET"]}}],"collection":[{"href":"https:\/\/lamnedp.usthb.dz\/index.php\/wp-json\/wp\/v2\/pages"}],"about":[{"href":"https:\/\/lamnedp.usthb.dz\/index.php\/wp-json\/wp\/v2\/types\/page"}],"author":[{"embeddable":true,"href":"https:\/\/lamnedp.usthb.dz\/index.php\/wp-json\/wp\/v2\/users\/1"}],"replies":[{"embeddable":true,"href":"https:\/\/lamnedp.usthb.dz\/index.php\/wp-json\/wp\/v2\/comments?post=57"}],"version-history":[{"count":1,"href":"https:\/\/lamnedp.usthb.dz\/index.php\/wp-json\/wp\/v2\/pages\/57\/revisions"}],"predecessor-version":[{"id":58,"href":"https:\/\/lamnedp.usthb.dz\/index.php\/wp-json\/wp\/v2\/pages\/57\/revisions\/58"}],"wp:attachment":[{"href":"https:\/\/lamnedp.usthb.dz\/index.php\/wp-json\/wp\/v2\/media?parent=57"}],"curies":[{"name":"wp","href":"https:\/\/api.w.org\/{rel}","templated":true}]}}