{"id":65,"date":"2023-06-07T11:21:12","date_gmt":"2023-06-07T11:21:12","guid":{"rendered":"http:\/\/193.194.89.179\/wp_lamnedp\/?page_id=65"},"modified":"2023-06-07T12:34:34","modified_gmt":"2023-06-07T12:34:34","slug":"tendances-dans-les-applications-des-mathematiques-en-tunisie-algerie-maroc-tam-tam-11","status":"publish","type":"page","link":"https:\/\/lamnedp.usthb.dz\/index.php\/tendances-dans-les-applications-des-mathematiques-en-tunisie-algerie-maroc-tam-tam-11\/","title":{"rendered":"Tendances dans les Applications des Math\u00e9matiques en Tunisie, Alg\u00e9rie, Maroc TAM-TAM \u201911"},"content":{"rendered":"\n<p><strong>Chers collegues,<\/strong><\/p>\n\n\n\n<p><strong>Au noms des comit\u00e9s d\u2019organisation et de programme, j\u2019ai le grand plaisir de vous inviter \u00e0 participer cinqui\u00e9me Congr\u00e8s Maghr\u00e9bin de Math\u00e9matiques Appliqu\u00e9es&nbsp;:<\/strong><\/p>\n\n\n\n<p><strong><em>Tendances dans les Applications des Math\u00e9matiques en Tunisie, Alg\u00e9rie, Maroc<\/em><\/strong><\/p>\n\n\n\n<p><strong>TAM-TAM \u201911<\/strong><\/p>\n\n\n\n<p><strong>Sousse-Tunisie, du 23 au 26 avril 2011<\/strong><\/p>\n\n\n\n<p><strong>Les dates importantes sont&nbsp;:<\/strong><\/p>\n\n\n\n<p><strong>31 D\u00e9cembre 2010 <\/strong><strong>&nbsp;: date limite de r\u00e9ception des r\u00e9sum\u00e9s<\/strong><\/p>\n\n\n\n<p><strong>15 F\u00e9vrier<\/strong><strong> 2011 <\/strong><strong>&nbsp;: notification d\u2019acceptation<\/strong><\/p>\n\n\n\n<p><strong>11 Mars 2011<\/strong> &nbsp;: <strong>date limite de r\u00e9ception des versions finales.<\/strong><\/p>\n\n\n\n<p><strong>Pour plus d\u2019informations, nous vous invitons \u00e0 visiter notre site web \u00e0 l\u2019adresse&nbsp;:<\/strong><\/p>\n\n\n\n<p><strong><a href=\"http:\/\/www.lamsin.rnu.tn\/tamtam2011\/index.htm\">www.lamsin.rnu.tn\/tamtam2011\/index.htm<\/a><\/strong><\/p>\n","protected":false},"excerpt":{"rendered":"<p>Chers collegues, Au noms des comit\u00e9s d\u2019organisation et de programme, j\u2019ai le grand plaisir de vous inviter \u00e0 participer cinqui\u00e9me Congr\u00e8s Maghr\u00e9bin de Math\u00e9matiques Appliqu\u00e9es&nbsp;: Tendances dans les Applications des Math\u00e9matiques en Tunisie, Alg\u00e9rie, Maroc TAM-TAM \u201911 Sousse-Tunisie, du 23 <span class=\"readmore\"><a href=\"https:\/\/lamnedp.usthb.dz\/index.php\/tendances-dans-les-applications-des-mathematiques-en-tunisie-algerie-maroc-tam-tam-11\/\">Continue Reading<\/a><\/span><\/p>\n","protected":false},"author":1,"featured_media":0,"parent":0,"menu_order":0,"comment_status":"closed","ping_status":"closed","template":"","meta":{"footnotes":""},"class_list":["post-65","page","type-page","status-publish","hentry"],"_links":{"self":[{"href":"https:\/\/lamnedp.usthb.dz\/index.php\/wp-json\/wp\/v2\/pages\/65","targetHints":{"allow":["GET"]}}],"collection":[{"href":"https:\/\/lamnedp.usthb.dz\/index.php\/wp-json\/wp\/v2\/pages"}],"about":[{"href":"https:\/\/lamnedp.usthb.dz\/index.php\/wp-json\/wp\/v2\/types\/page"}],"author":[{"embeddable":true,"href":"https:\/\/lamnedp.usthb.dz\/index.php\/wp-json\/wp\/v2\/users\/1"}],"replies":[{"embeddable":true,"href":"https:\/\/lamnedp.usthb.dz\/index.php\/wp-json\/wp\/v2\/comments?post=65"}],"version-history":[{"count":1,"href":"https:\/\/lamnedp.usthb.dz\/index.php\/wp-json\/wp\/v2\/pages\/65\/revisions"}],"predecessor-version":[{"id":66,"href":"https:\/\/lamnedp.usthb.dz\/index.php\/wp-json\/wp\/v2\/pages\/65\/revisions\/66"}],"wp:attachment":[{"href":"https:\/\/lamnedp.usthb.dz\/index.php\/wp-json\/wp\/v2\/media?parent=65"}],"curies":[{"name":"wp","href":"https:\/\/api.w.org\/{rel}","templated":true}]}}