{"id":67,"date":"2023-06-07T11:23:13","date_gmt":"2023-06-07T11:23:13","guid":{"rendered":"http:\/\/193.194.89.179\/wp_lamnedp\/?page_id=67"},"modified":"2024-02-08T14:05:09","modified_gmt":"2024-02-08T14:05:09","slug":"programe-cimpa-pour-2011","status":"publish","type":"page","link":"https:\/\/lamnedp.usthb.dz\/index.php\/programe-cimpa-pour-2011\/","title":{"rendered":"PROGRAME CIMPA POUR 2011"},"content":{"rendered":"\n<p><\/p>\n\n\n\n<p><a href=\"http:\/\/www.cimpa-icpam.org\/spip.php?article296\">Braids in Algebra, Geometry and Topology<\/a> VIETNAM, January 17-28<\/p>\n\n\n\n<p><a href=\"http:\/\/www.cimpa-icpam.org\/spip.php?article299\">Mod\u00e9lisation, syst\u00e8mes non lin\u00e9aires et applications <\/a>SENEGAL, 5-15 avril<\/p>\n\n\n\n<p><a href=\"http:\/\/www.cimpa-icpam.org\/spip.php?article298\">Real and complex analysis with applications to other sciences<\/a> CAMEROON, May 1-14<\/p>\n\n\n\n<p><a href=\"http:\/\/www.cimpa-icpam.org\/spip.php?article301\">Contr\u00f4le et stabilisation des \u00e9quations aux d\u00e9riv\u00e9es partielles<\/a> TUNISIE, 9-19 mai<\/p>\n\n\n\n<p><a href=\"http:\/\/www.cimpa-icpam.org\/spip.php?article306\">Spectral Triples and Their Applications<\/a> THAILAND, May 15-28<\/p>\n\n\n\n<p><a href=\"http:\/\/www.cimpa-icpam.org\/spip.php?article303\">Non commutative Algebra and Lie Theory<\/a> ARGENTINA, May 16-27<\/p>\n\n\n\n<p><a href=\"http:\/\/www.cimpa-icpam.org\/spip.php?article308\">Modelling and Simulation in Population Biology<\/a> SOUTH AFRICA, June 6-17<\/p>\n\n\n\n<p><a href=\"http:\/\/www.cimpa-icpam.org\/spip.php?article325\">Geometric, algebraic and topological methods for quantum field theory<\/a> COLOMBIA, July 4-22<\/p>\n\n\n\n<p><a href=\"http:\/\/www.cimpa-icpam.org\/spip.php?article311\">Syst\u00e8mes Dynamiques dans des Vari\u00e9t\u00e9s et Applications <\/a>CONGO, 18-31 juillet<\/p>\n\n\n\n<p><a href=\"http:\/\/www.cimpa-icpam.org\/spip.php?article314\">Non-linear Computational Geometry <\/a>INDONESIA, July 18-29<\/p>\n\n\n\n<p><a href=\"http:\/\/www.cimpa-icpam.org\/spip.php?article316\">Algebraic Geometry and Applications<\/a> ARGENTINA, August 1-12<\/p>\n\n\n\n<p><a href=\"http:\/\/www.cimpa-icpam.org\/spip.php?article309\">Geometric representation theory<\/a> INDONESIA, August 1-12<\/p>\n\n\n\n<p><a href=\"http:\/\/www.cimpa-icpam.org\/spip.php?article318\">Singularities&nbsp;: algebra, geometry and applications<\/a> UKRAINE, August 8-19<\/p>\n\n\n\n<p><a href=\"http:\/\/www.cimpa-icpam.org\/spip.php?article319\">Analytical and algebraic tools of modern multivariate analysis and graphical models<\/a> TUNISIA, September 5-17<\/p>\n","protected":false},"excerpt":{"rendered":"<p>Braids in Algebra, Geometry and Topology VIETNAM, January 17-28 Mod\u00e9lisation, syst\u00e8mes non lin\u00e9aires et applications SENEGAL, 5-15 avril Real and complex analysis with applications to other sciences CAMEROON, May 1-14 Contr\u00f4le et stabilisation des \u00e9quations aux d\u00e9riv\u00e9es partielles TUNISIE, 9-19 <span class=\"readmore\"><a href=\"https:\/\/lamnedp.usthb.dz\/index.php\/programe-cimpa-pour-2011\/\">Continue Reading<\/a><\/span><\/p>\n","protected":false},"author":1,"featured_media":0,"parent":0,"menu_order":0,"comment_status":"closed","ping_status":"closed","template":"","meta":{"footnotes":""},"class_list":["post-67","page","type-page","status-publish","hentry"],"_links":{"self":[{"href":"https:\/\/lamnedp.usthb.dz\/index.php\/wp-json\/wp\/v2\/pages\/67","targetHints":{"allow":["GET"]}}],"collection":[{"href":"https:\/\/lamnedp.usthb.dz\/index.php\/wp-json\/wp\/v2\/pages"}],"about":[{"href":"https:\/\/lamnedp.usthb.dz\/index.php\/wp-json\/wp\/v2\/types\/page"}],"author":[{"embeddable":true,"href":"https:\/\/lamnedp.usthb.dz\/index.php\/wp-json\/wp\/v2\/users\/1"}],"replies":[{"embeddable":true,"href":"https:\/\/lamnedp.usthb.dz\/index.php\/wp-json\/wp\/v2\/comments?post=67"}],"version-history":[{"count":2,"href":"https:\/\/lamnedp.usthb.dz\/index.php\/wp-json\/wp\/v2\/pages\/67\/revisions"}],"predecessor-version":[{"id":69,"href":"https:\/\/lamnedp.usthb.dz\/index.php\/wp-json\/wp\/v2\/pages\/67\/revisions\/69"}],"wp:attachment":[{"href":"https:\/\/lamnedp.usthb.dz\/index.php\/wp-json\/wp\/v2\/media?parent=67"}],"curies":[{"name":"wp","href":"https:\/\/api.w.org\/{rel}","templated":true}]}}